{"id":1543,"date":"2024-10-28T17:36:19","date_gmt":"2024-10-28T17:36:19","guid":{"rendered":"https:\/\/valuingdia.com\/disclaimer\/"},"modified":"2024-11-27T16:57:38","modified_gmt":"2024-11-27T16:57:38","slug":"disclaimer","status":"publish","type":"page","link":"https:\/\/valuingdia.com\/es\/disclaimer\/","title":{"rendered":"Disclaimer"},"content":{"rendered":"[vc_row type=\u00bbin_container\u00bb full_screen_row_position=\u00bbmiddle\u00bb column_margin=\u00bbdefault\u00bb column_direction=\u00bbdefault\u00bb column_direction_tablet=\u00bbdefault\u00bb column_direction_phone=\u00bbdefault\u00bb scene_position=\u00bbcenter\u00bb top_padding=\u00bb5%\u00bb constrain_group_1=\u00bbyes\u00bb bottom_padding=\u00bb5%\u00bb left_padding_desktop=\u00bb5%\u00bb constrain_group_2=\u00bbyes\u00bb right_padding_desktop=\u00bb5%\u00bb text_color=\u00bbdark\u00bb text_align=\u00bbleft\u00bb row_border_radius=\u00bbnone\u00bb row_border_radius_applies=\u00bbbg\u00bb overflow=\u00bbvisible\u00bb overlay_strength=\u00bb0.3&#8243; gradient_direction=\u00bbleft_to_right\u00bb shape_divider_position=\u00bbbottom\u00bb bg_image_animation=\u00bbnone\u00bb gradient_type=\u00bbdefault\u00bb shape_type=\u00bb\u00bb][vc_column column_padding=\u00bbno-extra-padding\u00bb column_padding_tablet=\u00bbinherit\u00bb column_padding_phone=\u00bbinherit\u00bb column_padding_position=\u00bball\u00bb column_element_direction_desktop=\u00bbdefault\u00bb column_element_spacing=\u00bbdefault\u00bb desktop_text_alignment=\u00bbdefault\u00bb tablet_text_alignment=\u00bbdefault\u00bb phone_text_alignment=\u00bbdefault\u00bb background_color_opacity=\u00bb1&#8243; background_hover_color_opacity=\u00bb1&#8243; column_backdrop_filter=\u00bbnone\u00bb column_shadow=\u00bbnone\u00bb column_border_radius=\u00bbnone\u00bb column_link_target=\u00bb_self\u00bb column_position=\u00bbdefault\u00bb gradient_direction=\u00bbleft_to_right\u00bb overlay_strength=\u00bb0.3&#8243; width=\u00bb1\/1&#8243; tablet_width_inherit=\u00bbdefault\u00bb animation_type=\u00bbdefault\u00bb bg_image_animation=\u00bbnone\u00bb border_type=\u00bbsimple\u00bb column_border_width=\u00bbnone\u00bb column_border_style=\u00bbsolid\u00bb][vc_column_text css=\u00bb\u00bb text_direction=\u00bbdefault\u00bb]<strong>AVISO IMPORTANTE &#8211; DESCARGO DE RESPONSABILIDAD<\/strong><\/p>\n<p><u>Los inversores de EE. UU. o cualquier otro inversor o persona que, seg\u00fan la ley aplicable, no tenga permitido acceder a la Informaci\u00f3n (como se define a continuaci\u00f3n), o aquellos que tengan dudas sobre si se les permite acceder a la Informaci\u00f3n, deben abandonar este sitio web de inmediato. Tenga en cuenta que este descargo de responsabilidad puede ser modificado en cualquier momento sin previo aviso, por lo que debe leerlo en su totalidad cada vez que acceda a este sitio web.<\/u><\/p>\n<p>La informaci\u00f3n y documentaci\u00f3n subida o contenida en esta p\u00e1gina web (www.[\u25cf]) en cada momento (la \u201c<strong>Informaci\u00f3n<\/strong>\u201d), ha sido preparada por Western Gate Private Investments Limited, una compa\u00f1\u00eda inglesa registrada en la Companies House bajo el n\u00famero 09365819 y con sede en 1 Bartholomew Lane, Londres, Inglaterra, EC2N 2AX (\u201c<strong>WG<\/strong>\u201d). WG est\u00e1 controlada por el Sr. Luis Amaral a trav\u00e9s de su <em>family office<\/em>.<\/p>\n<p>WG no est\u00e1 registrada como una entidad de cr\u00e9dito, una empresa de servicios de inversi\u00f3n o un asesor de inversiones en ninguna jurisdicci\u00f3n. WG no es un analista independiente de investigaci\u00f3n financiera y su principal negocio no es producir recomendaciones de inversi\u00f3n en el sentido del Reglamento (UE) n.\u00ba 596\/2014 del Parlamento Europeo y del Consejo de 16 de abril de 2014 sobre el abuso de mercado. WG tampoco es un experto en el sentido del Reglamento Delegado de la Comisi\u00f3n (UE) 2016\/958 de 9 de marzo de 2016 que complementa el Reglamento (UE) n.\u00ba 596\/2014.<\/p>\n<p>La Informaci\u00f3n es solo para fines informativos y no constituye una oferta o solicitud para comprar o vender cualquier valor o instrumento financiero. WG no est\u00e1 emitiendo ninguna propuesta de inversi\u00f3n particular ni una decisi\u00f3n de inversi\u00f3n particular ni recomendando o sugiriendo una estrategia de inversi\u00f3n, expl\u00edcita o impl\u00edcitamente, con respecto a los valores de Distribuidora Internacional de Alimentaci\u00f3n, S.A. (\u201c<strong>DIA<\/strong>\u201d o la \u201c<strong>Compa\u00f1\u00eda<\/strong>\u201d) y, por lo tanto, la Informaci\u00f3n no es informaci\u00f3n que recomiende o sugiera una estrategia de inversi\u00f3n o recomendaci\u00f3n de inversi\u00f3n ni otra informaci\u00f3n que recomiende o sugiera una estrategia de inversi\u00f3n en el sentido del Reglamento (UE) n.\u00ba 596\/2014 del Parlamento Europeo y del Consejo de 16 de abril de 2014 sobre el abuso de mercado y el Reglamento Delegado de la Comisi\u00f3n (UE) 2016\/958 de 9 de marzo de 2016 que complementa el Reglamento (UE) n.\u00ba 596\/2014.<\/p>\n<p>Cada elemento de la Informaci\u00f3n hace referencia \u00fanicamente a la fecha del documento o anuncio incluido en el sitio web y WG no tiene y no acepta ninguna responsabilidad u obligaci\u00f3n de actualizar dicha informaci\u00f3n, documento o anuncio y se reserva el derecho de agregar, eliminar o modificar cualquier informaci\u00f3n reproducida en esta parte del sitio web en cualquier momento. Ni los administradores de WG, ni ninguna de sus filiales o empresas afiliadas, han revisado, y ninguna de esas personas es o ser\u00e1 responsable de o acepta cualquier responsabilidad con respecto a cualquier informaci\u00f3n contenida en cualquier otro sitio web que pueda estar vinculado a este sitio web por un tercero.<\/p>\n<p>La Informaci\u00f3n deriva \u00fanicamente de informaci\u00f3n disponible p\u00fablicamente. Cualquier opini\u00f3n expresada en la Informaci\u00f3n (excepto donde se indique expresamente lo contrario) es solo de WG y no se puede confiar en la informaci\u00f3n o las diferentes opiniones contenidas en la Informaci\u00f3n ni en su integridad para ning\u00fan prop\u00f3sito. No se hace ninguna declaraci\u00f3n o garant\u00eda, expresa o impl\u00edcita, por o en nombre de WG o sus empresas filiales, afiliadas, respectivos agentes o asesores o cualquiera de los afiliados, administradores, directivos o empleados o cualquier otra persona en cuanto a la imparcialidad, precisi\u00f3n, integridad o verificaci\u00f3n de la informaci\u00f3n o las opiniones contenidas en la Informaci\u00f3n y no se acepta ninguna responsabilidad por dicha informaci\u00f3n u opiniones.<\/p>\n<p>La Informaci\u00f3n puede incluir declaraciones de intenci\u00f3n, estimaciones, pron\u00f3sticos, proyecciones y opiniones preparadas con respecto a, entre otras cosas, ciertas tendencias del mercado o valoraciones. Las declaraciones, estimaciones, pron\u00f3sticos, proyecciones y opiniones sobre el futuro implican riesgo e incertidumbre porque se refieren a eventos y dependen de circunstancias que ocurrir\u00e1n en el futuro, y pueden basarse en ciertas suposiciones con respecto a la evoluci\u00f3n futura de una serie de magnitudes y de la econom\u00eda en general, que pueden no cumplirse y, por lo tanto, las conclusiones alcanzadas en la Informaci\u00f3n pueden verse afectadas o modificadas en consecuencia. No se presta ninguna declaraci\u00f3n o garant\u00eda de que alguna de estas declaraciones, estimaciones, pron\u00f3sticos, proyecciones y opiniones se materializar\u00e1 o que se lograr\u00e1 alg\u00fan resultado previsto o en relaci\u00f3n con la precisi\u00f3n, integridad, viabilidad o razonabilidad de tales declaraciones de opini\u00f3n. Adem\u00e1s, la Informaci\u00f3n puede contener o basarse en declaraciones de intenci\u00f3n, estimaciones, pron\u00f3sticos, proyecciones y opiniones que no son nuestras, sino las de DIA o su Consejo de Administraci\u00f3n incluidas en sus estados financieros peri\u00f3dicos, que no hemos verificado ni comprobado por razonabilidad o integridad, por lo que no asumimos ninguna responsabilidad al respecto.<\/p>\n<p>WG cree que toda la Informaci\u00f3n es precisa y fiable y, cuando se ha obtenido de fuentes p\u00fablicas, WG no tiene razones para creer que no son precisas y fiables. Sin embargo, dicha informaci\u00f3n se presenta \u201ctal y como es\u201d, sin garant\u00eda de ning\u00fan tipo, ya sea expresa o impl\u00edcita. WG y la entidades del grupo al que pertenece no hacen ninguna declaraci\u00f3n, expresa o impl\u00edcita, en cuanto a la precisi\u00f3n, puntualidad o integridad de dicha Informaci\u00f3n o con respecto a los resultados que se obtendr\u00e1n de su utilizaci\u00f3n. Todas las expresiones de opini\u00f3n est\u00e1n sujetas a cambios sin previo aviso y WG no est\u00e1 obligado a actualizar o complementar ninguna Informaci\u00f3n o cualquier informaci\u00f3n, an\u00e1lisis y opini\u00f3n contenida en la Informaci\u00f3n. WG no hace ninguna declaraci\u00f3n, expresa o impl\u00edcita, en cuanto a la precisi\u00f3n, integridad, viabilidad, razonabilidad, oportunidad de dicha informaci\u00f3n o declaraciones o con respecto a los resultados que se obtendr\u00e1n de su uso.<\/p>\n<p>Usted acepta realizar su propia investigaci\u00f3n y diligencia debida antes de tomar cualquier decisi\u00f3n de inversi\u00f3n con respecto a las acciones de DIA. Usted declara a WG que tiene suficiente sofisticaci\u00f3n en materia de inversiones para evaluar de forma cr\u00edtica la informaci\u00f3n, an\u00e1lisis y opiniones en este Informe.<\/p>\n<p>WG ha compartido las principales conclusiones de la Informaci\u00f3n con la direcci\u00f3n y ciertos miembros del Consejo de Administraci\u00f3n de DIA en varias ocasiones.<\/p>\n<p>LA INFORMACI\u00d3N SE PONE A DISPOSICI\u00d3N SOLO CON FINES INFORMATIVOS. ESTOS MATERIALES NO EST\u00c1N DIRIGIDOS A, NI SON PARA SU EMISI\u00d3N, PUBLICACI\u00d3N, DISTRIBUCI\u00d3N, REENV\u00cdO O TRANSMISI\u00d3N, EN SU TOTALIDAD O EN PARTE, DIRECTA O INDIRECTAMENTE, A O SON ACCESIBLES DE OTRO MODO POR PERSONAS UBICADAS EN CUALQUIER JURISDICCI\u00d3N DONDE LA PUBLICACI\u00d3N O DISTRIBUCI\u00d3N DE ESTOS MATERIALES VIOLAR\u00cdA CUALQUIER LEY O REGULACI\u00d3N APLICABLE O REQUERIR\u00cdA CUALQUIER REGISTRO O LICENCIA DENTRO DE DICHA JURISDICCI\u00d3N.<\/p>\n<p><strong>CONFLICTOS DE INTER\u00c9S<\/strong><\/p>\n<p>WG posee, a fecha de 9 de septiembre de 2024, 1.276.740.567 acciones en DIA, representando aproximadamente el 2,2% del capital social de la Compa\u00f1\u00eda; esta participaci\u00f3n podr\u00eda aumentarse o reducirse en el futuro y WG no asume ninguna obligaci\u00f3n de divulgar cualquier cambio en su participaci\u00f3n, excepto si lo requiriese la ley aplicable. Adem\u00e1s, otros accionistas de DIA que se hayan unido a la Coalici\u00f3n poseen acciones en DIA. En consecuencia, los miembros de la Coalici\u00f3n tienen una participaci\u00f3n significativa en las acciones de DIA y, por lo tanto, tienen una exposici\u00f3n financiera positiva a los aumentos en el precio de las acciones de la Compa\u00f1\u00eda. No obstante, WG ha hecho todos los esfuerzos razonables para presentar la Informaci\u00f3n de manera objetiva.<\/p>\n<p><strong>NO HAY CONCERTACI\u00d3N O ACUERDO PARA VOTAR<\/strong><\/p>\n<p>Todos los accionistas de DIA que se unan a la Coalici\u00f3n ser\u00e1n absolutamente libres de emitir los votos derivados de sus acciones en DIA como deseen, sin ning\u00fan tipo de instrucci\u00f3n de, u obligaci\u00f3n de, votar seg\u00fan lo indicado por WG. Cualquier miembro de la Coalici\u00f3n que deje de poseer acciones en DIA debe comunicarlo a WG a trav\u00e9s de este sitio web tan pronto como sea razonablemente posible, ya que el prop\u00f3sito principal de la Coalici\u00f3n es servir como un foro de discusi\u00f3n entre los accionistas minoritarios de DIA.<\/p>\n<p><strong>CONFIRMACI\u00d3N DE ENTENDIMIENTO Y ACEPTACI\u00d3N DEL DESCARGO DE RESPONSABILIDAD<\/strong><\/p>\n<p>Al hacer clic en el bot\u00f3n \u00abEstoy de acuerdo\u00bb a continuaci\u00f3n, confirmo, declaro y garantizo que:<br \/>\n(A) He le\u00eddo y entendido el aviso expuesto anteriormente y acepto estar sujeto a sus t\u00e9rminos.<br \/>\n(B) No soy (ni act\u00fao en nombre de alguien que sea) residente en ninguna jurisdicci\u00f3n que haga ilegal el acceso a los materiales en este sitio, o partes del mismo.<br \/>\n(C) No imprimir\u00e9, descargar\u00e9 ni intentar\u00e9 copiar, enviar por correo, reenviar, distribuir o enviar ninguno de los materiales en este sitio a ninguna otra persona en ning\u00fan momento.<br \/>\n(D) Declaro y garantizo a WG que tengo la intenci\u00f3n de acceder a este sitio solo con fines informativos, que he le\u00eddo y entendido este aviso y que entiendo que puede afectar mis derechos o responsabilidades. Si no puede dar estas confirmaciones, debe hacer clic en \u00abNo estoy de acuerdo\u00bb a continuaci\u00f3n.[\/vc_column_text][\/vc_column][\/vc_row]\n","protected":false},"excerpt":{"rendered":"<p>[vc_row type=\u00bbin_container\u00bb full_screen_row_position=\u00bbmiddle\u00bb column_margin=\u00bbdefault\u00bb column_direction=\u00bbdefault\u00bb column_direction_tablet=\u00bbdefault\u00bb column_direction_phone=\u00bbdefault\u00bb scene_position=\u00bbcenter\u00bb top_padding=\u00bb5%\u00bb constrain_group_1=\u00bbyes\u00bb bottom_padding=\u00bb5%\u00bb left_padding_desktop=\u00bb5%\u00bb constrain_group_2=\u00bbyes\u00bb right_padding_desktop=\u00bb5%\u00bb text_color=\u00bbdark\u00bb text_align=\u00bbleft\u00bb row_border_radius=\u00bbnone\u00bb row_border_radius_applies=\u00bbbg\u00bb overflow=\u00bbvisible\u00bb overlay_strength=\u00bb0.3&#8243; gradient_direction=\u00bbleft_to_right\u00bb shape_divider_position=\u00bbbottom\u00bb bg_image_animation=\u00bbnone\u00bb gradient_type=\u00bbdefault\u00bb shape_type=\u00bb\u00bb][vc_column column_padding=\u00bbno-extra-padding\u00bb column_padding_tablet=\u00bbinherit\u00bb column_padding_phone=\u00bbinherit\u00bb column_padding_position=\u00bball\u00bb column_element_direction_desktop=\u00bbdefault\u00bb&#8230;<\/p>\n","protected":false},"author":1,"featured_media":0,"parent":0,"menu_order":0,"comment_status":"closed","ping_status":"closed","template":"","meta":{"inline_featured_image":false,"footnotes":""},"class_list":["post-1543","page","type-page","status-publish"],"yoast_head":"<!-- This site is optimized with the Yoast SEO plugin v26.6 - https:\/\/yoast.com\/wordpress\/plugins\/seo\/ -->\n<title>Disclaimer - Valuing DIA<\/title>\n<meta name=\"robots\" content=\"index, follow, max-snippet:-1, max-image-preview:large, max-video-preview:-1\" \/>\n<link rel=\"canonical\" href=\"https:\/\/valuingdia.com\/es\/disclaimer\/\" \/>\n<meta property=\"og:locale\" content=\"es_ES\" \/>\n<meta property=\"og:type\" content=\"article\" \/>\n<meta property=\"og:title\" content=\"Disclaimer - Valuing DIA\" \/>\n<meta property=\"og:description\" content=\"[vc_row type=\u00bbin_container\u00bb full_screen_row_position=\u00bbmiddle\u00bb column_margin=\u00bbdefault\u00bb column_direction=\u00bbdefault\u00bb column_direction_tablet=\u00bbdefault\u00bb column_direction_phone=\u00bbdefault\u00bb scene_position=\u00bbcenter\u00bb top_padding=\u00bb5%\u00bb constrain_group_1=\u00bbyes\u00bb bottom_padding=\u00bb5%\u00bb left_padding_desktop=\u00bb5%\u00bb constrain_group_2=\u00bbyes\u00bb right_padding_desktop=\u00bb5%\u00bb text_color=\u00bbdark\u00bb text_align=\u00bbleft\u00bb row_border_radius=\u00bbnone\u00bb row_border_radius_applies=\u00bbbg\u00bb overflow=\u00bbvisible\u00bb overlay_strength=\u00bb0.3&#8243; gradient_direction=\u00bbleft_to_right\u00bb shape_divider_position=\u00bbbottom\u00bb bg_image_animation=\u00bbnone\u00bb gradient_type=\u00bbdefault\u00bb shape_type=\u00bb\u00bb][vc_column column_padding=\u00bbno-extra-padding\u00bb column_padding_tablet=\u00bbinherit\u00bb column_padding_phone=\u00bbinherit\u00bb column_padding_position=\u00bball\u00bb column_element_direction_desktop=\u00bbdefault\u00bb...\" \/>\n<meta property=\"og:url\" content=\"https:\/\/valuingdia.com\/es\/disclaimer\/\" \/>\n<meta property=\"og:site_name\" content=\"Valuing DIA\" \/>\n<meta property=\"article:modified_time\" content=\"2024-11-27T16:57:38+00:00\" \/>\n<meta property=\"og:image\" content=\"https:\/\/valuingdia.com\/wp-content\/uploads\/2024\/09\/default-1.png\" \/>\n\t<meta property=\"og:image:width\" content=\"1200\" \/>\n\t<meta property=\"og:image:height\" content=\"675\" \/>\n\t<meta property=\"og:image:type\" content=\"image\/png\" \/>\n<meta name=\"twitter:card\" content=\"summary_large_image\" \/>\n<meta name=\"twitter:label1\" content=\"Tiempo de lectura\" \/>\n\t<meta name=\"twitter:data1\" content=\"7 minutos\" \/>\n<script type=\"application\/ld+json\" class=\"yoast-schema-graph\">{\"@context\":\"https:\/\/schema.org\",\"@graph\":[{\"@type\":\"WebPage\",\"@id\":\"https:\/\/valuingdia.com\/es\/disclaimer\/\",\"url\":\"https:\/\/valuingdia.com\/es\/disclaimer\/\",\"name\":\"Disclaimer - Valuing DIA\",\"isPartOf\":{\"@id\":\"https:\/\/valuingdia.com\/#website\"},\"datePublished\":\"2024-10-28T17:36:19+00:00\",\"dateModified\":\"2024-11-27T16:57:38+00:00\",\"breadcrumb\":{\"@id\":\"https:\/\/valuingdia.com\/es\/disclaimer\/#breadcrumb\"},\"inLanguage\":\"es\",\"potentialAction\":[{\"@type\":\"ReadAction\",\"target\":[\"https:\/\/valuingdia.com\/es\/disclaimer\/\"]}]},{\"@type\":\"BreadcrumbList\",\"@id\":\"https:\/\/valuingdia.com\/es\/disclaimer\/#breadcrumb\",\"itemListElement\":[{\"@type\":\"ListItem\",\"position\":1,\"name\":\"Home\",\"item\":\"https:\/\/valuingdia.com\/es\/\"},{\"@type\":\"ListItem\",\"position\":2,\"name\":\"Disclaimer\"}]},{\"@type\":\"WebSite\",\"@id\":\"https:\/\/valuingdia.com\/#website\",\"url\":\"https:\/\/valuingdia.com\/\",\"name\":\"Valuing DIA\",\"description\":\"\",\"publisher\":{\"@id\":\"https:\/\/valuingdia.com\/#organization\"},\"potentialAction\":[{\"@type\":\"SearchAction\",\"target\":{\"@type\":\"EntryPoint\",\"urlTemplate\":\"https:\/\/valuingdia.com\/?s={search_term_string}\"},\"query-input\":{\"@type\":\"PropertyValueSpecification\",\"valueRequired\":true,\"valueName\":\"search_term_string\"}}],\"inLanguage\":\"es\"},{\"@type\":\"Organization\",\"@id\":\"https:\/\/valuingdia.com\/#organization\",\"name\":\"Valuing DIA\",\"url\":\"https:\/\/valuingdia.com\/\",\"logo\":{\"@type\":\"ImageObject\",\"inLanguage\":\"es\",\"@id\":\"https:\/\/valuingdia.com\/#\/schema\/logo\/image\/\",\"url\":\"https:\/\/valuingdia.com\/wp-content\/uploads\/2024\/09\/default-1.png\",\"contentUrl\":\"https:\/\/valuingdia.com\/wp-content\/uploads\/2024\/09\/default-1.png\",\"width\":1200,\"height\":675,\"caption\":\"Valuing DIA\"},\"image\":{\"@id\":\"https:\/\/valuingdia.com\/#\/schema\/logo\/image\/\"}}]}<\/script>\n<!-- \/ Yoast SEO plugin. -->","yoast_head_json":{"title":"Disclaimer - Valuing DIA","robots":{"index":"index","follow":"follow","max-snippet":"max-snippet:-1","max-image-preview":"max-image-preview:large","max-video-preview":"max-video-preview:-1"},"canonical":"https:\/\/valuingdia.com\/es\/disclaimer\/","og_locale":"es_ES","og_type":"article","og_title":"Disclaimer - Valuing DIA","og_description":"[vc_row type=\u00bbin_container\u00bb full_screen_row_position=\u00bbmiddle\u00bb column_margin=\u00bbdefault\u00bb column_direction=\u00bbdefault\u00bb column_direction_tablet=\u00bbdefault\u00bb column_direction_phone=\u00bbdefault\u00bb scene_position=\u00bbcenter\u00bb top_padding=\u00bb5%\u00bb constrain_group_1=\u00bbyes\u00bb bottom_padding=\u00bb5%\u00bb left_padding_desktop=\u00bb5%\u00bb constrain_group_2=\u00bbyes\u00bb right_padding_desktop=\u00bb5%\u00bb text_color=\u00bbdark\u00bb text_align=\u00bbleft\u00bb row_border_radius=\u00bbnone\u00bb row_border_radius_applies=\u00bbbg\u00bb overflow=\u00bbvisible\u00bb overlay_strength=\u00bb0.3&#8243; gradient_direction=\u00bbleft_to_right\u00bb shape_divider_position=\u00bbbottom\u00bb bg_image_animation=\u00bbnone\u00bb gradient_type=\u00bbdefault\u00bb shape_type=\u00bb\u00bb][vc_column column_padding=\u00bbno-extra-padding\u00bb column_padding_tablet=\u00bbinherit\u00bb column_padding_phone=\u00bbinherit\u00bb column_padding_position=\u00bball\u00bb column_element_direction_desktop=\u00bbdefault\u00bb...","og_url":"https:\/\/valuingdia.com\/es\/disclaimer\/","og_site_name":"Valuing DIA","article_modified_time":"2024-11-27T16:57:38+00:00","og_image":[{"width":1200,"height":675,"url":"https:\/\/valuingdia.com\/wp-content\/uploads\/2024\/09\/default-1.png","type":"image\/png"}],"twitter_card":"summary_large_image","twitter_misc":{"Tiempo de lectura":"7 minutos"},"schema":{"@context":"https:\/\/schema.org","@graph":[{"@type":"WebPage","@id":"https:\/\/valuingdia.com\/es\/disclaimer\/","url":"https:\/\/valuingdia.com\/es\/disclaimer\/","name":"Disclaimer - Valuing DIA","isPartOf":{"@id":"https:\/\/valuingdia.com\/#website"},"datePublished":"2024-10-28T17:36:19+00:00","dateModified":"2024-11-27T16:57:38+00:00","breadcrumb":{"@id":"https:\/\/valuingdia.com\/es\/disclaimer\/#breadcrumb"},"inLanguage":"es","potentialAction":[{"@type":"ReadAction","target":["https:\/\/valuingdia.com\/es\/disclaimer\/"]}]},{"@type":"BreadcrumbList","@id":"https:\/\/valuingdia.com\/es\/disclaimer\/#breadcrumb","itemListElement":[{"@type":"ListItem","position":1,"name":"Home","item":"https:\/\/valuingdia.com\/es\/"},{"@type":"ListItem","position":2,"name":"Disclaimer"}]},{"@type":"WebSite","@id":"https:\/\/valuingdia.com\/#website","url":"https:\/\/valuingdia.com\/","name":"Valuing DIA","description":"","publisher":{"@id":"https:\/\/valuingdia.com\/#organization"},"potentialAction":[{"@type":"SearchAction","target":{"@type":"EntryPoint","urlTemplate":"https:\/\/valuingdia.com\/?s={search_term_string}"},"query-input":{"@type":"PropertyValueSpecification","valueRequired":true,"valueName":"search_term_string"}}],"inLanguage":"es"},{"@type":"Organization","@id":"https:\/\/valuingdia.com\/#organization","name":"Valuing DIA","url":"https:\/\/valuingdia.com\/","logo":{"@type":"ImageObject","inLanguage":"es","@id":"https:\/\/valuingdia.com\/#\/schema\/logo\/image\/","url":"https:\/\/valuingdia.com\/wp-content\/uploads\/2024\/09\/default-1.png","contentUrl":"https:\/\/valuingdia.com\/wp-content\/uploads\/2024\/09\/default-1.png","width":1200,"height":675,"caption":"Valuing DIA"},"image":{"@id":"https:\/\/valuingdia.com\/#\/schema\/logo\/image\/"}}]}},"_links":{"self":[{"href":"https:\/\/valuingdia.com\/es\/wp-json\/wp\/v2\/pages\/1543","targetHints":{"allow":["GET"]}}],"collection":[{"href":"https:\/\/valuingdia.com\/es\/wp-json\/wp\/v2\/pages"}],"about":[{"href":"https:\/\/valuingdia.com\/es\/wp-json\/wp\/v2\/types\/page"}],"author":[{"embeddable":true,"href":"https:\/\/valuingdia.com\/es\/wp-json\/wp\/v2\/users\/1"}],"replies":[{"embeddable":true,"href":"https:\/\/valuingdia.com\/es\/wp-json\/wp\/v2\/comments?post=1543"}],"version-history":[{"count":3,"href":"https:\/\/valuingdia.com\/es\/wp-json\/wp\/v2\/pages\/1543\/revisions"}],"predecessor-version":[{"id":1546,"href":"https:\/\/valuingdia.com\/es\/wp-json\/wp\/v2\/pages\/1543\/revisions\/1546"}],"wp:attachment":[{"href":"https:\/\/valuingdia.com\/es\/wp-json\/wp\/v2\/media?parent=1543"}],"curies":[{"name":"wp","href":"https:\/\/api.w.org\/{rel}","templated":true}]}}